{"id":1165,"date":"2018-02-04T16:37:21","date_gmt":"2018-02-04T15:37:21","guid":{"rendered":"http:\/\/www.la-comedie-de-pezenas.com\/contact\/"},"modified":"2018-02-04T16:39:17","modified_gmt":"2018-02-04T15:39:17","slug":"contact-information-accommodation-rental-apartment","status":"publish","type":"page","link":"https:\/\/www.la-comedie-de-pezenas.com\/en\/contact-information-accommodation-rental-apartment\/","title":{"rendered":"Contact us"},"content":{"rendered":"","protected":false},"excerpt":{"rendered":"","protected":false},"author":1,"featured_media":214,"parent":0,"menu_order":0,"comment_status":"closed","ping_status":"closed","template":"","meta":{"_et_pb_use_builder":"on","_et_pb_old_content":"","_et_gb_content_width":"","footnotes":""},"class_list":["post-1165","page","type-page","status-publish","has-post-thumbnail","hentry"],"yoast_head":"<!-- This site is optimized with the Yoast SEO plugin v27.4 - https:\/\/yoast.com\/product\/yoast-seo-wordpress\/ -->\n<title>Contact us | La Com\u00e9die de P\u00e9zenas<\/title>\n<meta name=\"robots\" content=\"index, follow, max-snippet:-1, max-image-preview:large, max-video-preview:-1\" \/>\n<link rel=\"canonical\" href=\"https:\/\/www.la-comedie-de-pezenas.com\/en\/contact-information-accommodation-rental-apartment\/\" \/>\n<meta property=\"og:locale\" content=\"en_US\" \/>\n<meta property=\"og:type\" content=\"article\" \/>\n<meta property=\"og:title\" content=\"Contact us | La Com\u00e9die de P\u00e9zenas\" \/>\n<meta property=\"og:url\" content=\"https:\/\/www.la-comedie-de-pezenas.com\/en\/contact-information-accommodation-rental-apartment\/\" \/>\n<meta property=\"og:site_name\" content=\"La Com\u00e9die de P\u00e9zenas\" \/>\n<meta property=\"article:publisher\" content=\"https:\/\/www.facebook.com\/Comedie.Pezenas\" \/>\n<meta property=\"article:modified_time\" content=\"2018-02-04T15:39:17+00:00\" \/>\n<meta property=\"og:image\" content=\"https:\/\/www.la-comedie-de-pezenas.com\/wp-content\/uploads\/2018\/01\/bandeau.jpg\" \/>\n\t<meta property=\"og:image:width\" content=\"1260\" \/>\n\t<meta property=\"og:image:height\" content=\"240\" \/>\n\t<meta property=\"og:image:type\" content=\"image\/jpeg\" \/>\n<script type=\"application\/ld+json\" class=\"yoast-schema-graph\">{\"@context\":\"https:\\\/\\\/schema.org\",\"@graph\":[{\"@type\":\"WebPage\",\"@id\":\"https:\\\/\\\/www.la-comedie-de-pezenas.com\\\/en\\\/contact-information-accommodation-rental-apartment\\\/\",\"url\":\"https:\\\/\\\/www.la-comedie-de-pezenas.com\\\/en\\\/contact-information-accommodation-rental-apartment\\\/\",\"name\":\"Contact us | La Com\u00e9die de P\u00e9zenas\",\"isPartOf\":{\"@id\":\"https:\\\/\\\/www.la-comedie-de-pezenas.com\\\/#website\"},\"primaryImageOfPage\":{\"@id\":\"https:\\\/\\\/www.la-comedie-de-pezenas.com\\\/en\\\/contact-information-accommodation-rental-apartment\\\/#primaryimage\"},\"image\":{\"@id\":\"https:\\\/\\\/www.la-comedie-de-pezenas.com\\\/en\\\/contact-information-accommodation-rental-apartment\\\/#primaryimage\"},\"thumbnailUrl\":\"https:\\\/\\\/www.la-comedie-de-pezenas.com\\\/wp-content\\\/uploads\\\/2018\\\/01\\\/bandeau.jpg\",\"datePublished\":\"2018-02-04T15:37:21+00:00\",\"dateModified\":\"2018-02-04T15:39:17+00:00\",\"breadcrumb\":{\"@id\":\"https:\\\/\\\/www.la-comedie-de-pezenas.com\\\/en\\\/contact-information-accommodation-rental-apartment\\\/#breadcrumb\"},\"inLanguage\":\"en-US\",\"potentialAction\":[{\"@type\":\"ReadAction\",\"target\":[\"https:\\\/\\\/www.la-comedie-de-pezenas.com\\\/en\\\/contact-information-accommodation-rental-apartment\\\/\"]}]},{\"@type\":\"ImageObject\",\"inLanguage\":\"en-US\",\"@id\":\"https:\\\/\\\/www.la-comedie-de-pezenas.com\\\/en\\\/contact-information-accommodation-rental-apartment\\\/#primaryimage\",\"url\":\"https:\\\/\\\/www.la-comedie-de-pezenas.com\\\/wp-content\\\/uploads\\\/2018\\\/01\\\/bandeau.jpg\",\"contentUrl\":\"https:\\\/\\\/www.la-comedie-de-pezenas.com\\\/wp-content\\\/uploads\\\/2018\\\/01\\\/bandeau.jpg\",\"width\":1260,\"height\":240},{\"@type\":\"BreadcrumbList\",\"@id\":\"https:\\\/\\\/www.la-comedie-de-pezenas.com\\\/en\\\/contact-information-accommodation-rental-apartment\\\/#breadcrumb\",\"itemListElement\":[{\"@type\":\"ListItem\",\"position\":1,\"name\":\"Accueil\",\"item\":\"https:\\\/\\\/www.la-comedie-de-pezenas.com\\\/\"},{\"@type\":\"ListItem\",\"position\":2,\"name\":\"Contact us\"}]},{\"@type\":\"WebSite\",\"@id\":\"https:\\\/\\\/www.la-comedie-de-pezenas.com\\\/#website\",\"url\":\"https:\\\/\\\/www.la-comedie-de-pezenas.com\\\/\",\"name\":\"La Com\u00e9die de P\u00e9zenas\",\"description\":\"Vacances et s\u00e9jour gite et appartement location \u00e0 P\u00e9zenas\",\"publisher\":{\"@id\":\"https:\\\/\\\/www.la-comedie-de-pezenas.com\\\/#organization\"},\"potentialAction\":[{\"@type\":\"SearchAction\",\"target\":{\"@type\":\"EntryPoint\",\"urlTemplate\":\"https:\\\/\\\/www.la-comedie-de-pezenas.com\\\/?s={search_term_string}\"},\"query-input\":{\"@type\":\"PropertyValueSpecification\",\"valueRequired\":true,\"valueName\":\"search_term_string\"}}],\"inLanguage\":\"en-US\"},{\"@type\":\"Organization\",\"@id\":\"https:\\\/\\\/www.la-comedie-de-pezenas.com\\\/#organization\",\"name\":\"La Com\u00e9die de P\u00e9zenas\",\"url\":\"https:\\\/\\\/www.la-comedie-de-pezenas.com\\\/\",\"logo\":{\"@type\":\"ImageObject\",\"inLanguage\":\"en-US\",\"@id\":\"https:\\\/\\\/www.la-comedie-de-pezenas.com\\\/#\\\/schema\\\/logo\\\/image\\\/\",\"url\":\"https:\\\/\\\/www.la-comedie-de-pezenas.com\\\/wp-content\\\/uploads\\\/2018\\\/01\\\/logo.jpg\",\"contentUrl\":\"https:\\\/\\\/www.la-comedie-de-pezenas.com\\\/wp-content\\\/uploads\\\/2018\\\/01\\\/logo.jpg\",\"width\":264,\"height\":240,\"caption\":\"La Com\u00e9die de P\u00e9zenas\"},\"image\":{\"@id\":\"https:\\\/\\\/www.la-comedie-de-pezenas.com\\\/#\\\/schema\\\/logo\\\/image\\\/\"},\"sameAs\":[\"https:\\\/\\\/www.facebook.com\\\/Comedie.Pezenas\"]}]}<\/script>\n<!-- \/ Yoast SEO plugin. -->","yoast_head_json":{"title":"Contact us | La Com\u00e9die de P\u00e9zenas","robots":{"index":"index","follow":"follow","max-snippet":"max-snippet:-1","max-image-preview":"max-image-preview:large","max-video-preview":"max-video-preview:-1"},"canonical":"https:\/\/www.la-comedie-de-pezenas.com\/en\/contact-information-accommodation-rental-apartment\/","og_locale":"en_US","og_type":"article","og_title":"Contact us | La Com\u00e9die de P\u00e9zenas","og_url":"https:\/\/www.la-comedie-de-pezenas.com\/en\/contact-information-accommodation-rental-apartment\/","og_site_name":"La Com\u00e9die de P\u00e9zenas","article_publisher":"https:\/\/www.facebook.com\/Comedie.Pezenas","article_modified_time":"2018-02-04T15:39:17+00:00","og_image":[{"width":1260,"height":240,"url":"https:\/\/www.la-comedie-de-pezenas.com\/wp-content\/uploads\/2018\/01\/bandeau.jpg","type":"image\/jpeg"}],"schema":{"@context":"https:\/\/schema.org","@graph":[{"@type":"WebPage","@id":"https:\/\/www.la-comedie-de-pezenas.com\/en\/contact-information-accommodation-rental-apartment\/","url":"https:\/\/www.la-comedie-de-pezenas.com\/en\/contact-information-accommodation-rental-apartment\/","name":"Contact us | La Com\u00e9die de P\u00e9zenas","isPartOf":{"@id":"https:\/\/www.la-comedie-de-pezenas.com\/#website"},"primaryImageOfPage":{"@id":"https:\/\/www.la-comedie-de-pezenas.com\/en\/contact-information-accommodation-rental-apartment\/#primaryimage"},"image":{"@id":"https:\/\/www.la-comedie-de-pezenas.com\/en\/contact-information-accommodation-rental-apartment\/#primaryimage"},"thumbnailUrl":"https:\/\/www.la-comedie-de-pezenas.com\/wp-content\/uploads\/2018\/01\/bandeau.jpg","datePublished":"2018-02-04T15:37:21+00:00","dateModified":"2018-02-04T15:39:17+00:00","breadcrumb":{"@id":"https:\/\/www.la-comedie-de-pezenas.com\/en\/contact-information-accommodation-rental-apartment\/#breadcrumb"},"inLanguage":"en-US","potentialAction":[{"@type":"ReadAction","target":["https:\/\/www.la-comedie-de-pezenas.com\/en\/contact-information-accommodation-rental-apartment\/"]}]},{"@type":"ImageObject","inLanguage":"en-US","@id":"https:\/\/www.la-comedie-de-pezenas.com\/en\/contact-information-accommodation-rental-apartment\/#primaryimage","url":"https:\/\/www.la-comedie-de-pezenas.com\/wp-content\/uploads\/2018\/01\/bandeau.jpg","contentUrl":"https:\/\/www.la-comedie-de-pezenas.com\/wp-content\/uploads\/2018\/01\/bandeau.jpg","width":1260,"height":240},{"@type":"BreadcrumbList","@id":"https:\/\/www.la-comedie-de-pezenas.com\/en\/contact-information-accommodation-rental-apartment\/#breadcrumb","itemListElement":[{"@type":"ListItem","position":1,"name":"Accueil","item":"https:\/\/www.la-comedie-de-pezenas.com\/"},{"@type":"ListItem","position":2,"name":"Contact us"}]},{"@type":"WebSite","@id":"https:\/\/www.la-comedie-de-pezenas.com\/#website","url":"https:\/\/www.la-comedie-de-pezenas.com\/","name":"La Com\u00e9die de P\u00e9zenas","description":"Vacances et s\u00e9jour gite et appartement location \u00e0 P\u00e9zenas","publisher":{"@id":"https:\/\/www.la-comedie-de-pezenas.com\/#organization"},"potentialAction":[{"@type":"SearchAction","target":{"@type":"EntryPoint","urlTemplate":"https:\/\/www.la-comedie-de-pezenas.com\/?s={search_term_string}"},"query-input":{"@type":"PropertyValueSpecification","valueRequired":true,"valueName":"search_term_string"}}],"inLanguage":"en-US"},{"@type":"Organization","@id":"https:\/\/www.la-comedie-de-pezenas.com\/#organization","name":"La Com\u00e9die de P\u00e9zenas","url":"https:\/\/www.la-comedie-de-pezenas.com\/","logo":{"@type":"ImageObject","inLanguage":"en-US","@id":"https:\/\/www.la-comedie-de-pezenas.com\/#\/schema\/logo\/image\/","url":"https:\/\/www.la-comedie-de-pezenas.com\/wp-content\/uploads\/2018\/01\/logo.jpg","contentUrl":"https:\/\/www.la-comedie-de-pezenas.com\/wp-content\/uploads\/2018\/01\/logo.jpg","width":264,"height":240,"caption":"La Com\u00e9die de P\u00e9zenas"},"image":{"@id":"https:\/\/www.la-comedie-de-pezenas.com\/#\/schema\/logo\/image\/"},"sameAs":["https:\/\/www.facebook.com\/Comedie.Pezenas"]}]}},"_links":{"self":[{"href":"https:\/\/www.la-comedie-de-pezenas.com\/en\/wp-json\/wp\/v2\/pages\/1165","targetHints":{"allow":["GET"]}}],"collection":[{"href":"https:\/\/www.la-comedie-de-pezenas.com\/en\/wp-json\/wp\/v2\/pages"}],"about":[{"href":"https:\/\/www.la-comedie-de-pezenas.com\/en\/wp-json\/wp\/v2\/types\/page"}],"author":[{"embeddable":true,"href":"https:\/\/www.la-comedie-de-pezenas.com\/en\/wp-json\/wp\/v2\/users\/1"}],"replies":[{"embeddable":true,"href":"https:\/\/www.la-comedie-de-pezenas.com\/en\/wp-json\/wp\/v2\/comments?post=1165"}],"version-history":[{"count":2,"href":"https:\/\/www.la-comedie-de-pezenas.com\/en\/wp-json\/wp\/v2\/pages\/1165\/revisions"}],"predecessor-version":[{"id":1167,"href":"https:\/\/www.la-comedie-de-pezenas.com\/en\/wp-json\/wp\/v2\/pages\/1165\/revisions\/1167"}],"wp:featuredmedia":[{"embeddable":true,"href":"https:\/\/www.la-comedie-de-pezenas.com\/en\/wp-json\/wp\/v2\/media\/214"}],"wp:attachment":[{"href":"https:\/\/www.la-comedie-de-pezenas.com\/en\/wp-json\/wp\/v2\/media?parent=1165"}],"curies":[{"name":"wp","href":"https:\/\/api.w.org\/{rel}","templated":true}]}}