{"id":1153,"date":"2018-01-26T22:48:41","date_gmt":"2018-01-26T22:48:41","guid":{"rendered":"http:\/\/www.la-comedie-de-pezenas.com\/reservation\/"},"modified":"2019-04-22T22:22:17","modified_gmt":"2019-04-22T21:22:17","slug":"reservation-booking-apartment-holidays-pezenas","status":"publish","type":"page","link":"https:\/\/www.la-comedie-de-pezenas.com\/en\/reservation-booking-apartment-holidays-pezenas\/","title":{"rendered":"Reservation booking apartment holidays pezenas"},"content":{"rendered":"<p>[et_pb_section fb_built=&#8221;1&#8243; _builder_version=&#8221;3.22.4&#8243;][et_pb_row _builder_version=&#8221;3.22.4&#8243;][et_pb_column type=&#8221;4_4&#8243; _builder_version=&#8221;3.22.4&#8243;][et_pb_text _builder_version=&#8221;3.22.4&#8243; text_font=&#8221;||||||||&#8221; text_font_size=&#8221;16px&#8221;]<\/p>\n<p><span>On request, we can organize transfers to and from the airports and railway station.<\/span><br \/><span>The lively town of Pezenas with a huge choice of restaurants and shops on the doorstep as well as the popular Saturday market on a Saturday morning.<\/span><\/p>\n<p>Just 20 minutes away from beziers airport, the sunny airport, Agde TGV railway station and the famous Canal du Midi, La Com\u00e9die de P\u00e9Zenas\u00a0is set in the middle of vineyards, with\u00a0historic towns, the mediterranean and several golf courses within easy reach.<\/p>\n<p>[\/et_pb_text][\/et_pb_column][\/et_pb_row][et_pb_row _builder_version=&#8221;3.22.4&#8243;][et_pb_column type=&#8221;4_4&#8243; _builder_version=&#8221;3.22.4&#8243;][et_pb_text _builder_version=&#8221;3.22.4&#8243; text_font=&#8221;|600||on|||||&#8221; text_text_color=&#8221;#000000&#8243; text_font_size=&#8221;20px&#8221; text_orientation=&#8221;center&#8221;]<\/p>\n<p>Select your dates and check availabilities:<\/p>\n<p>&nbsp;<\/p>\n<p>\n<script async=\"\" src=\"https:\/\/reservation.booking.expert\/embed\/calendar.js?h=bcdghbb\" data-booking-calendar=\"\"><\/script>\n<\/p>\n<p>[\/et_pb_text][\/et_pb_column][\/et_pb_row][\/et_pb_section][et_pb_section fb_built=&#8221;1&#8243; _builder_version=&#8221;3.22.4&#8243; disabled_on=&#8221;on|on|off&#8221;][et_pb_row _builder_version=&#8221;3.22.4&#8243;][et_pb_column type=&#8221;4_4&#8243; _builder_version=&#8221;3.22.4&#8243;][et_pb_gallery fullwidth=&#8221;on&#8221; auto=&#8221;on&#8221; auto_speed=&#8221;5000&#8243; _builder_version=&#8221;3.22.4&#8243; gallery_ids=&#8221;1330,1332,1326&#8243;][\/et_pb_gallery][\/et_pb_column][\/et_pb_row][\/et_pb_section][et_pb_section fb_built=&#8221;1&#8243; admin_label=&#8221;Rooms&#8221; _builder_version=&#8221;3.22.3&#8243; custom_margin=&#8221;|||&#8221; custom_padding=&#8221;|||&#8221;][et_pb_row _builder_version=&#8221;3.22.3&#8243; custom_padding=&#8221;0px|||||&#8221;][et_pb_column type=&#8221;1_3&#8243; _builder_version=&#8221;3.12.2&#8243;][et_pb_image src=&#8221;http:\/\/www.la-comedie-de-pezenas.com\/wp-content\/uploads\/2018\/01\/les-loges-appartement-reservation.jpg&#8221; force_fullwidth=&#8221;on&#8221; _builder_version=&#8221;3.22.4&#8243; custom_margin_tablet=&#8221;||0px|&#8221; locked=&#8221;off&#8221; border_width_all=&#8221;4px&#8221; border_color_all=&#8221;#ffffff&#8221;][\/et_pb_image][et_pb_text _builder_version=&#8221;3.22.4&#8243; text_font=&#8221;||||||||&#8221; text_line_height=&#8221;2em&#8221; header_font=&#8221;||||||||&#8221; header_3_font=&#8221;Raleway|700|||||||&#8221; header_3_font_size=&#8221;20px&#8221; header_3_font_size_tablet=&#8221;35px&#8221; header_3_font_size_phone=&#8221;25px&#8221; header_3_font_size_last_edited=&#8221;on|phone&#8221; header_3_line_height=&#8221;1.2em&#8221; locked=&#8221;off&#8221;]<\/p>\n<h3>Les Loges<\/h3>\n<p>Les Loges is a great apartment for 4 people in the heart of this beautiful city of P\u00e9zenas. The apartment is a large duplex, facing south with beautiful volumes and lots of light. It gives over the roofs and on a small courtyard without opposite.[\/et_pb_text][et_pb_text _builder_version=&#8221;3.22.4&#8243; text_font=&#8221;Raleway|700|||||||&#8221; text_text_color=&#8221;#333333&#8243; text_font_size=&#8221;24px&#8221; text_line_height=&#8221;1.4em&#8221; header_font=&#8221;||||||||&#8221; header_5_font=&#8221;||||||||&#8221; header_5_text_color=&#8221;#666666&#8243; header_5_font_size=&#8221;14px&#8221; locked=&#8221;off&#8221;]<\/p>\n<h5>Price per night.<\/h5>\n<p>125\u20ac<\/p>\n<p>[\/et_pb_text][et_pb_button button_url=&#8221;https:\/\/reservation.booking.expert\/search?h=bcdghbb&#038;t=1&#8243; button_text=&#8221;Booking&#8221; _builder_version=&#8221;3.22.4&#8243; custom_button=&#8221;on&#8221; button_text_size=&#8221;15px&#8221; button_text_color=&#8221;#ffffff&#8221; button_bg_color=&#8221;#ED1965&#8243; button_border_width=&#8221;8px&#8221; button_border_color=&#8221;rgba(0,0,0,0)&#8221; button_border_radius=&#8221;0px&#8221; button_font=&#8221;Raleway|700|||||||&#8221; button_border_radius_hover=&#8221;0px&#8221; locked=&#8221;off&#8221; button_text_size__hover_enabled=&#8221;off&#8221; button_one_text_size__hover_enabled=&#8221;off&#8221; button_two_text_size__hover_enabled=&#8221;off&#8221; button_text_color__hover_enabled=&#8221;off&#8221; button_one_text_color__hover_enabled=&#8221;off&#8221; button_two_text_color__hover_enabled=&#8221;off&#8221; button_border_width__hover_enabled=&#8221;off&#8221; button_one_border_width__hover_enabled=&#8221;off&#8221; button_two_border_width__hover_enabled=&#8221;off&#8221; button_border_color__hover_enabled=&#8221;off&#8221; button_one_border_color__hover_enabled=&#8221;off&#8221; button_two_border_color__hover_enabled=&#8221;off&#8221; button_border_radius__hover_enabled=&#8221;on&#8221; button_border_radius__hover=&#8221;0px&#8221; button_one_border_radius__hover_enabled=&#8221;off&#8221; button_two_border_radius__hover_enabled=&#8221;off&#8221; button_letter_spacing__hover_enabled=&#8221;off&#8221; button_one_letter_spacing__hover_enabled=&#8221;off&#8221; button_two_letter_spacing__hover_enabled=&#8221;off&#8221; button_bg_color__hover_enabled=&#8221;off&#8221; button_one_bg_color__hover_enabled=&#8221;off&#8221; button_two_bg_color__hover_enabled=&#8221;off&#8221;][\/et_pb_button][\/et_pb_column][et_pb_column type=&#8221;1_3&#8243; _builder_version=&#8221;3.12.2&#8243;][et_pb_image src=&#8221;http:\/\/www.la-comedie-de-pezenas.com\/wp-content\/uploads\/2018\/01\/fourberies-lit-chambre-gite-pezenas.jpg&#8221; force_fullwidth=&#8221;on&#8221; _builder_version=&#8221;3.22.4&#8243; custom_margin_tablet=&#8221;||0px|&#8221; locked=&#8221;off&#8221; border_width_all=&#8221;4px&#8221; border_color_all=&#8221;#ffffff&#8221;][\/et_pb_image][et_pb_text _builder_version=&#8221;3.22.4&#8243; text_font=&#8221;||||||||&#8221; text_line_height=&#8221;2em&#8221; header_font=&#8221;||||||||&#8221; header_3_font=&#8221;Raleway|700|||||||&#8221; header_3_font_size=&#8221;20px&#8221; header_3_font_size_tablet=&#8221;35px&#8221; header_3_font_size_phone=&#8221;25px&#8221; header_3_font_size_last_edited=&#8221;on|phone&#8221; header_3_line_height=&#8221;1.2em&#8221; locked=&#8221;off&#8221;]<\/p>\n<h3>Les Fourberies<\/h3>\n<p> The apartment benefits from this very sought after charm of the old with its wooden floor and tomettes in an old winemaker house of the 17th century and with all the modern comforts, air conditioning, wifi, walk-in shower \u2026[\/et_pb_text][et_pb_text _builder_version=&#8221;3.22.4&#8243; text_font=&#8221;Raleway|700|||||||&#8221; text_text_color=&#8221;#333333&#8243; text_font_size=&#8221;24px&#8221; text_line_height=&#8221;1.4em&#8221; header_font=&#8221;||||||||&#8221; header_5_font=&#8221;||||||||&#8221; header_5_text_color=&#8221;#666666&#8243; header_5_font_size=&#8221;14px&#8221; locked=&#8221;off&#8221;]<\/p>\n<h5>Price per night.<\/h5>\n<p>80\u20ac<\/p>\n<p>[\/et_pb_text][et_pb_button button_url=&#8221;https:\/\/reservation.booking.expert\/search?h=bcdghbb&#038;t=1&#8243; button_text=&#8221;Booking&#8221; _builder_version=&#8221;3.22.4&#8243; custom_button=&#8221;on&#8221; button_text_size=&#8221;15px&#8221; button_text_color=&#8221;#ffffff&#8221; button_bg_color=&#8221;#ED1965&#8243; button_border_width=&#8221;8px&#8221; button_border_color=&#8221;rgba(0,0,0,0)&#8221; button_border_radius=&#8221;0px&#8221; button_font=&#8221;Raleway|700|||||||&#8221; button_border_radius_hover=&#8221;0px&#8221; locked=&#8221;off&#8221; button_text_size__hover_enabled=&#8221;off&#8221; button_one_text_size__hover_enabled=&#8221;off&#8221; button_two_text_size__hover_enabled=&#8221;off&#8221; button_text_color__hover_enabled=&#8221;off&#8221; button_one_text_color__hover_enabled=&#8221;off&#8221; button_two_text_color__hover_enabled=&#8221;off&#8221; button_border_width__hover_enabled=&#8221;off&#8221; button_one_border_width__hover_enabled=&#8221;off&#8221; button_two_border_width__hover_enabled=&#8221;off&#8221; button_border_color__hover_enabled=&#8221;off&#8221; button_one_border_color__hover_enabled=&#8221;off&#8221; button_two_border_color__hover_enabled=&#8221;off&#8221; button_border_radius__hover_enabled=&#8221;on&#8221; button_border_radius__hover=&#8221;0px&#8221; button_one_border_radius__hover_enabled=&#8221;off&#8221; button_two_border_radius__hover_enabled=&#8221;off&#8221; button_letter_spacing__hover_enabled=&#8221;off&#8221; button_one_letter_spacing__hover_enabled=&#8221;off&#8221; button_two_letter_spacing__hover_enabled=&#8221;off&#8221; button_bg_color__hover_enabled=&#8221;off&#8221; button_one_bg_color__hover_enabled=&#8221;off&#8221; button_two_bg_color__hover_enabled=&#8221;off&#8221;][\/et_pb_button][\/et_pb_column][et_pb_column type=&#8221;1_3&#8243; _builder_version=&#8221;3.12.2&#8243;][et_pb_image src=&#8221;http:\/\/www.la-comedie-de-pezenas.com\/wp-content\/uploads\/2018\/01\/don-juan-studio-gite-herault.jpg&#8221; force_fullwidth=&#8221;on&#8221; _builder_version=&#8221;3.22.4&#8243; custom_margin_tablet=&#8221;||0px|&#8221; locked=&#8221;off&#8221; border_width_all=&#8221;4px&#8221; border_color_all=&#8221;#ffffff&#8221;][\/et_pb_image][et_pb_text _builder_version=&#8221;3.22.4&#8243; text_font=&#8221;||||||||&#8221; text_line_height=&#8221;2em&#8221; header_font=&#8221;||||||||&#8221; header_3_font=&#8221;Raleway|700|||||||&#8221; header_3_font_size=&#8221;20px&#8221; header_3_font_size_tablet=&#8221;35px&#8221; header_3_font_size_phone=&#8221;25px&#8221; header_3_font_size_last_edited=&#8221;on|phone&#8221; header_3_line_height=&#8221;1.2em&#8221; locked=&#8221;off&#8221;]<\/p>\n<h3>Don Juan<\/h3>\n<p>Beautiful apartment for 2 persons completely restored with its magnificent ceiling.<\/p>\n<p>A relaxing atmosphere just steps from the historic center in the protected area of the city of P\u00e9zenas.<\/p>\n<p>[\/et_pb_text][et_pb_text _builder_version=&#8221;3.22.4&#8243; text_font=&#8221;Raleway|700|||||||&#8221; text_text_color=&#8221;#333333&#8243; text_font_size=&#8221;24px&#8221; text_line_height=&#8221;1.4em&#8221; header_font=&#8221;||||||||&#8221; header_5_font=&#8221;||||||||&#8221; header_5_text_color=&#8221;#666666&#8243; header_5_font_size=&#8221;14px&#8221; locked=&#8221;off&#8221;]<\/p>\n<h5><\/h5>\n<h5>Price per night.<\/h5>\n<p>70\u20ac<\/p>\n<p>[\/et_pb_text][et_pb_button button_url=&#8221;https:\/\/reservation.booking.expert\/search?h=bcdghbb&#038;t=1&#8243; button_text=&#8221;Booking&#8221; _builder_version=&#8221;3.22.4&#8243; custom_button=&#8221;on&#8221; button_text_size=&#8221;15px&#8221; button_text_color=&#8221;#ffffff&#8221; button_bg_color=&#8221;#ED1965&#8243; button_border_width=&#8221;8px&#8221; button_border_color=&#8221;rgba(0,0,0,0)&#8221; button_border_radius=&#8221;0px&#8221; button_font=&#8221;Raleway|700|||||||&#8221; button_border_radius_hover=&#8221;0px&#8221; locked=&#8221;off&#8221; button_text_size__hover_enabled=&#8221;off&#8221; button_one_text_size__hover_enabled=&#8221;off&#8221; button_two_text_size__hover_enabled=&#8221;off&#8221; button_text_color__hover_enabled=&#8221;off&#8221; button_one_text_color__hover_enabled=&#8221;off&#8221; button_two_text_color__hover_enabled=&#8221;off&#8221; button_border_width__hover_enabled=&#8221;off&#8221; button_one_border_width__hover_enabled=&#8221;off&#8221; button_two_border_width__hover_enabled=&#8221;off&#8221; button_border_color__hover_enabled=&#8221;off&#8221; button_one_border_color__hover_enabled=&#8221;off&#8221; button_two_border_color__hover_enabled=&#8221;off&#8221; button_border_radius__hover_enabled=&#8221;on&#8221; button_border_radius__hover=&#8221;0px&#8221; button_one_border_radius__hover_enabled=&#8221;off&#8221; button_two_border_radius__hover_enabled=&#8221;off&#8221; button_letter_spacing__hover_enabled=&#8221;off&#8221; button_one_letter_spacing__hover_enabled=&#8221;off&#8221; button_two_letter_spacing__hover_enabled=&#8221;off&#8221; button_bg_color__hover_enabled=&#8221;off&#8221; button_one_bg_color__hover_enabled=&#8221;off&#8221; button_two_bg_color__hover_enabled=&#8221;off&#8221;][\/et_pb_button][\/et_pb_column][\/et_pb_row][\/et_pb_section]<\/p>\n","protected":false},"excerpt":{"rendered":"<p>On request, we can organize transfers to and from the airports and railway station.The lively town of Pezenas with a huge choice of restaurants and shops on the doorstep as well as the popular Saturday market on a Saturday morning. Just 20 minutes away from beziers airport, the sunny airport, Agde TGV railway station and [&hellip;]<\/p>\n","protected":false},"author":1,"featured_media":1174,"parent":0,"menu_order":0,"comment_status":"open","ping_status":"open","template":"","meta":{"_et_pb_use_builder":"on","_et_pb_old_content":"[hb_booking_form]","_et_gb_content_width":"","footnotes":""},"class_list":["post-1153","page","type-page","status-publish","has-post-thumbnail","hentry"],"yoast_head":"<!-- This site is optimized with the Yoast SEO plugin v27.4 - https:\/\/yoast.com\/product\/yoast-seo-wordpress\/ -->\n<title>Reservation booking apartment holidays pezenas | La Com\u00e9die de P\u00e9zenas<\/title>\n<meta name=\"description\" content=\"Looking for a holiday to Pezenas ? Choose from our quality holiday rental apartments in the city center of Pezenas. Visit our website www.venueholidays.com to check availability, prices and to book your holiday. Travel to France and discover one of the most visited countries in the world.\" \/>\n<meta name=\"robots\" content=\"index, follow, max-snippet:-1, max-image-preview:large, max-video-preview:-1\" \/>\n<link rel=\"canonical\" href=\"https:\/\/www.la-comedie-de-pezenas.com\/en\/reservation-booking-apartment-holidays-pezenas\/\" \/>\n<meta property=\"og:locale\" content=\"en_US\" \/>\n<meta property=\"og:type\" content=\"article\" \/>\n<meta property=\"og:title\" content=\"Reservation booking apartment holidays pezenas | La Com\u00e9die de P\u00e9zenas\" \/>\n<meta property=\"og:description\" content=\"Looking for a holiday to Pezenas ? Choose from our quality holiday rental apartments in the city center of Pezenas. Visit our website www.venueholidays.com to check availability, prices and to book your holiday. Travel to France and discover one of the most visited countries in the world.\" \/>\n<meta property=\"og:url\" content=\"https:\/\/www.la-comedie-de-pezenas.com\/en\/reservation-booking-apartment-holidays-pezenas\/\" \/>\n<meta property=\"og:site_name\" content=\"La Com\u00e9die de P\u00e9zenas\" \/>\n<meta property=\"article:publisher\" content=\"https:\/\/www.facebook.com\/Comedie.Pezenas\" \/>\n<meta property=\"article:modified_time\" content=\"2019-04-22T21:22:17+00:00\" \/>\n<meta property=\"og:image\" content=\"https:\/\/www.la-comedie-de-pezenas.com\/wp-content\/uploads\/2018\/02\/booking.jpg\" \/>\n\t<meta property=\"og:image:width\" content=\"1600\" \/>\n\t<meta property=\"og:image:height\" content=\"533\" \/>\n\t<meta property=\"og:image:type\" content=\"image\/jpeg\" \/>\n<meta name=\"twitter:label1\" content=\"Est. reading time\" \/>\n\t<meta name=\"twitter:data1\" content=\"7 minutes\" \/>\n<script type=\"application\/ld+json\" class=\"yoast-schema-graph\">{\"@context\":\"https:\\\/\\\/schema.org\",\"@graph\":[{\"@type\":\"WebPage\",\"@id\":\"https:\\\/\\\/www.la-comedie-de-pezenas.com\\\/en\\\/reservation-booking-apartment-holidays-pezenas\\\/\",\"url\":\"https:\\\/\\\/www.la-comedie-de-pezenas.com\\\/en\\\/reservation-booking-apartment-holidays-pezenas\\\/\",\"name\":\"Reservation booking apartment holidays pezenas | La Com\u00e9die de P\u00e9zenas\",\"isPartOf\":{\"@id\":\"https:\\\/\\\/www.la-comedie-de-pezenas.com\\\/#website\"},\"primaryImageOfPage\":{\"@id\":\"https:\\\/\\\/www.la-comedie-de-pezenas.com\\\/en\\\/reservation-booking-apartment-holidays-pezenas\\\/#primaryimage\"},\"image\":{\"@id\":\"https:\\\/\\\/www.la-comedie-de-pezenas.com\\\/en\\\/reservation-booking-apartment-holidays-pezenas\\\/#primaryimage\"},\"thumbnailUrl\":\"https:\\\/\\\/www.la-comedie-de-pezenas.com\\\/wp-content\\\/uploads\\\/2018\\\/02\\\/booking.jpg\",\"datePublished\":\"2018-01-26T22:48:41+00:00\",\"dateModified\":\"2019-04-22T21:22:17+00:00\",\"description\":\"Looking for a holiday to Pezenas ? Choose from our quality holiday rental apartments in the city center of Pezenas. Visit our website www.venueholidays.com to check availability, prices and to book your holiday. Travel to France and discover one of the most visited countries in the world.\",\"breadcrumb\":{\"@id\":\"https:\\\/\\\/www.la-comedie-de-pezenas.com\\\/en\\\/reservation-booking-apartment-holidays-pezenas\\\/#breadcrumb\"},\"inLanguage\":\"en-US\",\"potentialAction\":[{\"@type\":\"ReadAction\",\"target\":[\"https:\\\/\\\/www.la-comedie-de-pezenas.com\\\/en\\\/reservation-booking-apartment-holidays-pezenas\\\/\"]}]},{\"@type\":\"ImageObject\",\"inLanguage\":\"en-US\",\"@id\":\"https:\\\/\\\/www.la-comedie-de-pezenas.com\\\/en\\\/reservation-booking-apartment-holidays-pezenas\\\/#primaryimage\",\"url\":\"https:\\\/\\\/www.la-comedie-de-pezenas.com\\\/wp-content\\\/uploads\\\/2018\\\/02\\\/booking.jpg\",\"contentUrl\":\"https:\\\/\\\/www.la-comedie-de-pezenas.com\\\/wp-content\\\/uploads\\\/2018\\\/02\\\/booking.jpg\",\"width\":1600,\"height\":533,\"caption\":\"booking accommodation in pezenas\"},{\"@type\":\"BreadcrumbList\",\"@id\":\"https:\\\/\\\/www.la-comedie-de-pezenas.com\\\/en\\\/reservation-booking-apartment-holidays-pezenas\\\/#breadcrumb\",\"itemListElement\":[{\"@type\":\"ListItem\",\"position\":1,\"name\":\"Accueil\",\"item\":\"https:\\\/\\\/www.la-comedie-de-pezenas.com\\\/\"},{\"@type\":\"ListItem\",\"position\":2,\"name\":\"Reservation booking apartment holidays pezenas\"}]},{\"@type\":\"WebSite\",\"@id\":\"https:\\\/\\\/www.la-comedie-de-pezenas.com\\\/#website\",\"url\":\"https:\\\/\\\/www.la-comedie-de-pezenas.com\\\/\",\"name\":\"La Com\u00e9die de P\u00e9zenas\",\"description\":\"Vacances et s\u00e9jour gite et appartement location \u00e0 P\u00e9zenas\",\"publisher\":{\"@id\":\"https:\\\/\\\/www.la-comedie-de-pezenas.com\\\/#organization\"},\"potentialAction\":[{\"@type\":\"SearchAction\",\"target\":{\"@type\":\"EntryPoint\",\"urlTemplate\":\"https:\\\/\\\/www.la-comedie-de-pezenas.com\\\/?s={search_term_string}\"},\"query-input\":{\"@type\":\"PropertyValueSpecification\",\"valueRequired\":true,\"valueName\":\"search_term_string\"}}],\"inLanguage\":\"en-US\"},{\"@type\":\"Organization\",\"@id\":\"https:\\\/\\\/www.la-comedie-de-pezenas.com\\\/#organization\",\"name\":\"La Com\u00e9die de P\u00e9zenas\",\"url\":\"https:\\\/\\\/www.la-comedie-de-pezenas.com\\\/\",\"logo\":{\"@type\":\"ImageObject\",\"inLanguage\":\"en-US\",\"@id\":\"https:\\\/\\\/www.la-comedie-de-pezenas.com\\\/#\\\/schema\\\/logo\\\/image\\\/\",\"url\":\"https:\\\/\\\/www.la-comedie-de-pezenas.com\\\/wp-content\\\/uploads\\\/2018\\\/01\\\/logo.jpg\",\"contentUrl\":\"https:\\\/\\\/www.la-comedie-de-pezenas.com\\\/wp-content\\\/uploads\\\/2018\\\/01\\\/logo.jpg\",\"width\":264,\"height\":240,\"caption\":\"La Com\u00e9die de P\u00e9zenas\"},\"image\":{\"@id\":\"https:\\\/\\\/www.la-comedie-de-pezenas.com\\\/#\\\/schema\\\/logo\\\/image\\\/\"},\"sameAs\":[\"https:\\\/\\\/www.facebook.com\\\/Comedie.Pezenas\"]}]}<\/script>\n<!-- \/ Yoast SEO plugin. -->","yoast_head_json":{"title":"Reservation booking apartment holidays pezenas | La Com\u00e9die de P\u00e9zenas","description":"Looking for a holiday to Pezenas ? Choose from our quality holiday rental apartments in the city center of Pezenas. Visit our website www.venueholidays.com to check availability, prices and to book your holiday. Travel to France and discover one of the most visited countries in the world.","robots":{"index":"index","follow":"follow","max-snippet":"max-snippet:-1","max-image-preview":"max-image-preview:large","max-video-preview":"max-video-preview:-1"},"canonical":"https:\/\/www.la-comedie-de-pezenas.com\/en\/reservation-booking-apartment-holidays-pezenas\/","og_locale":"en_US","og_type":"article","og_title":"Reservation booking apartment holidays pezenas | La Com\u00e9die de P\u00e9zenas","og_description":"Looking for a holiday to Pezenas ? Choose from our quality holiday rental apartments in the city center of Pezenas. Visit our website www.venueholidays.com to check availability, prices and to book your holiday. Travel to France and discover one of the most visited countries in the world.","og_url":"https:\/\/www.la-comedie-de-pezenas.com\/en\/reservation-booking-apartment-holidays-pezenas\/","og_site_name":"La Com\u00e9die de P\u00e9zenas","article_publisher":"https:\/\/www.facebook.com\/Comedie.Pezenas","article_modified_time":"2019-04-22T21:22:17+00:00","og_image":[{"width":1600,"height":533,"url":"https:\/\/www.la-comedie-de-pezenas.com\/wp-content\/uploads\/2018\/02\/booking.jpg","type":"image\/jpeg"}],"twitter_misc":{"Est. reading time":"7 minutes"},"schema":{"@context":"https:\/\/schema.org","@graph":[{"@type":"WebPage","@id":"https:\/\/www.la-comedie-de-pezenas.com\/en\/reservation-booking-apartment-holidays-pezenas\/","url":"https:\/\/www.la-comedie-de-pezenas.com\/en\/reservation-booking-apartment-holidays-pezenas\/","name":"Reservation booking apartment holidays pezenas | La Com\u00e9die de P\u00e9zenas","isPartOf":{"@id":"https:\/\/www.la-comedie-de-pezenas.com\/#website"},"primaryImageOfPage":{"@id":"https:\/\/www.la-comedie-de-pezenas.com\/en\/reservation-booking-apartment-holidays-pezenas\/#primaryimage"},"image":{"@id":"https:\/\/www.la-comedie-de-pezenas.com\/en\/reservation-booking-apartment-holidays-pezenas\/#primaryimage"},"thumbnailUrl":"https:\/\/www.la-comedie-de-pezenas.com\/wp-content\/uploads\/2018\/02\/booking.jpg","datePublished":"2018-01-26T22:48:41+00:00","dateModified":"2019-04-22T21:22:17+00:00","description":"Looking for a holiday to Pezenas ? Choose from our quality holiday rental apartments in the city center of Pezenas. Visit our website www.venueholidays.com to check availability, prices and to book your holiday. Travel to France and discover one of the most visited countries in the world.","breadcrumb":{"@id":"https:\/\/www.la-comedie-de-pezenas.com\/en\/reservation-booking-apartment-holidays-pezenas\/#breadcrumb"},"inLanguage":"en-US","potentialAction":[{"@type":"ReadAction","target":["https:\/\/www.la-comedie-de-pezenas.com\/en\/reservation-booking-apartment-holidays-pezenas\/"]}]},{"@type":"ImageObject","inLanguage":"en-US","@id":"https:\/\/www.la-comedie-de-pezenas.com\/en\/reservation-booking-apartment-holidays-pezenas\/#primaryimage","url":"https:\/\/www.la-comedie-de-pezenas.com\/wp-content\/uploads\/2018\/02\/booking.jpg","contentUrl":"https:\/\/www.la-comedie-de-pezenas.com\/wp-content\/uploads\/2018\/02\/booking.jpg","width":1600,"height":533,"caption":"booking accommodation in pezenas"},{"@type":"BreadcrumbList","@id":"https:\/\/www.la-comedie-de-pezenas.com\/en\/reservation-booking-apartment-holidays-pezenas\/#breadcrumb","itemListElement":[{"@type":"ListItem","position":1,"name":"Accueil","item":"https:\/\/www.la-comedie-de-pezenas.com\/"},{"@type":"ListItem","position":2,"name":"Reservation booking apartment holidays pezenas"}]},{"@type":"WebSite","@id":"https:\/\/www.la-comedie-de-pezenas.com\/#website","url":"https:\/\/www.la-comedie-de-pezenas.com\/","name":"La Com\u00e9die de P\u00e9zenas","description":"Vacances et s\u00e9jour gite et appartement location \u00e0 P\u00e9zenas","publisher":{"@id":"https:\/\/www.la-comedie-de-pezenas.com\/#organization"},"potentialAction":[{"@type":"SearchAction","target":{"@type":"EntryPoint","urlTemplate":"https:\/\/www.la-comedie-de-pezenas.com\/?s={search_term_string}"},"query-input":{"@type":"PropertyValueSpecification","valueRequired":true,"valueName":"search_term_string"}}],"inLanguage":"en-US"},{"@type":"Organization","@id":"https:\/\/www.la-comedie-de-pezenas.com\/#organization","name":"La Com\u00e9die de P\u00e9zenas","url":"https:\/\/www.la-comedie-de-pezenas.com\/","logo":{"@type":"ImageObject","inLanguage":"en-US","@id":"https:\/\/www.la-comedie-de-pezenas.com\/#\/schema\/logo\/image\/","url":"https:\/\/www.la-comedie-de-pezenas.com\/wp-content\/uploads\/2018\/01\/logo.jpg","contentUrl":"https:\/\/www.la-comedie-de-pezenas.com\/wp-content\/uploads\/2018\/01\/logo.jpg","width":264,"height":240,"caption":"La Com\u00e9die de P\u00e9zenas"},"image":{"@id":"https:\/\/www.la-comedie-de-pezenas.com\/#\/schema\/logo\/image\/"},"sameAs":["https:\/\/www.facebook.com\/Comedie.Pezenas"]}]}},"_links":{"self":[{"href":"https:\/\/www.la-comedie-de-pezenas.com\/en\/wp-json\/wp\/v2\/pages\/1153","targetHints":{"allow":["GET"]}}],"collection":[{"href":"https:\/\/www.la-comedie-de-pezenas.com\/en\/wp-json\/wp\/v2\/pages"}],"about":[{"href":"https:\/\/www.la-comedie-de-pezenas.com\/en\/wp-json\/wp\/v2\/types\/page"}],"author":[{"embeddable":true,"href":"https:\/\/www.la-comedie-de-pezenas.com\/en\/wp-json\/wp\/v2\/users\/1"}],"replies":[{"embeddable":true,"href":"https:\/\/www.la-comedie-de-pezenas.com\/en\/wp-json\/wp\/v2\/comments?post=1153"}],"version-history":[{"count":10,"href":"https:\/\/www.la-comedie-de-pezenas.com\/en\/wp-json\/wp\/v2\/pages\/1153\/revisions"}],"predecessor-version":[{"id":1630,"href":"https:\/\/www.la-comedie-de-pezenas.com\/en\/wp-json\/wp\/v2\/pages\/1153\/revisions\/1630"}],"wp:featuredmedia":[{"embeddable":true,"href":"https:\/\/www.la-comedie-de-pezenas.com\/en\/wp-json\/wp\/v2\/media\/1174"}],"wp:attachment":[{"href":"https:\/\/www.la-comedie-de-pezenas.com\/en\/wp-json\/wp\/v2\/media?parent=1153"}],"curies":[{"name":"wp","href":"https:\/\/api.w.org\/{rel}","templated":true}]}}