{"id":1147,"date":"2018-01-29T00:26:06","date_gmt":"2018-01-28T23:26:06","guid":{"rendered":"http:\/\/www.la-comedie-de-pezenas.com\/le-vin-et-la-gastronomie\/"},"modified":"2018-02-04T16:03:56","modified_gmt":"2018-02-04T15:03:56","slug":"languedoc-land-of-taste-gastronomy-wine","status":"publish","type":"page","link":"https:\/\/www.la-comedie-de-pezenas.com\/en\/languedoc-land-of-taste-gastronomy-wine\/","title":{"rendered":"Land of tastes"},"content":{"rendered":"<div class=\"chapo\"><\/div>\n<div class=\"ensemble_paragraphe\">\n<div class=\"paragraph\">\n<div class=\"text\">\n<p>In southern France,\u00a0the Languedoc vineyards\u00a0extend from the mountains of the Massif Central to the Mediterranean and offer a range of wines to sample that will delight your palate. The gastronomy of Languedoc is based on typical produce from the South of France and the Mediterranean sea. Whether they are sweet or savoury, they go well with the great wines of Languedoc to delight your connoisseur\u2019s palate!<\/p>\n<\/div>\n<\/div>\n<\/div>\n<p><!--more-->Mediterranean gastronomy will enchant you: green asparagus in spring, figs, oysters from Etang de Thau, olive oil, lucque&#8230;<\/p>\n","protected":false},"excerpt":{"rendered":"<p>In southern France,\u00a0the Languedoc vineyards\u00a0extend from the mountains of the Massif Central to the Mediterranean and offer a range of wines to sample that will delight your palate. The gastronomy of Languedoc is based on typical produce from the South of France and the Mediterranean sea. Whether they are sweet or savoury, they go well [&hellip;]<\/p>\n","protected":false},"author":1,"featured_media":168,"parent":0,"menu_order":0,"comment_status":"closed","ping_status":"closed","template":"","meta":{"_et_pb_use_builder":"","_et_pb_old_content":"","_et_gb_content_width":"","footnotes":""},"class_list":["post-1147","page","type-page","status-publish","has-post-thumbnail","hentry"],"yoast_head":"<!-- This site is optimized with the Yoast SEO plugin v27.4 - https:\/\/yoast.com\/product\/yoast-seo-wordpress\/ -->\n<title>Land of tastes | La Com\u00e9die de P\u00e9zenas<\/title>\n<meta name=\"robots\" content=\"index, follow, max-snippet:-1, max-image-preview:large, max-video-preview:-1\" \/>\n<link rel=\"canonical\" href=\"https:\/\/www.la-comedie-de-pezenas.com\/en\/languedoc-land-of-taste-gastronomy-wine\/\" \/>\n<meta property=\"og:locale\" content=\"en_US\" \/>\n<meta property=\"og:type\" content=\"article\" \/>\n<meta property=\"og:title\" content=\"Land of tastes | La Com\u00e9die de P\u00e9zenas\" \/>\n<meta property=\"og:description\" content=\"In southern France,\u00a0the Languedoc vineyards\u00a0extend from the mountains of the Massif Central to the Mediterranean and offer a range of wines to sample that will delight your palate. The gastronomy of Languedoc is based on typical produce from the South of France and the Mediterranean sea. Whether they are sweet or savoury, they go well [&hellip;]\" \/>\n<meta property=\"og:url\" content=\"https:\/\/www.la-comedie-de-pezenas.com\/en\/languedoc-land-of-taste-gastronomy-wine\/\" \/>\n<meta property=\"og:site_name\" content=\"La Com\u00e9die de P\u00e9zenas\" \/>\n<meta property=\"article:publisher\" content=\"https:\/\/www.facebook.com\/Comedie.Pezenas\" \/>\n<meta property=\"article:modified_time\" content=\"2018-02-04T15:03:56+00:00\" \/>\n<meta property=\"og:image\" content=\"https:\/\/www.la-comedie-de-pezenas.com\/wp-content\/uploads\/2018\/01\/beau-village-herault-pezenas-vacances.jpg\" \/>\n\t<meta property=\"og:image:width\" content=\"1200\" \/>\n\t<meta property=\"og:image:height\" content=\"730\" \/>\n\t<meta property=\"og:image:type\" content=\"image\/jpeg\" \/>\n<script type=\"application\/ld+json\" class=\"yoast-schema-graph\">{\"@context\":\"https:\\\/\\\/schema.org\",\"@graph\":[{\"@type\":\"WebPage\",\"@id\":\"https:\\\/\\\/www.la-comedie-de-pezenas.com\\\/en\\\/languedoc-land-of-taste-gastronomy-wine\\\/\",\"url\":\"https:\\\/\\\/www.la-comedie-de-pezenas.com\\\/en\\\/languedoc-land-of-taste-gastronomy-wine\\\/\",\"name\":\"Land of tastes | La Com\u00e9die de P\u00e9zenas\",\"isPartOf\":{\"@id\":\"https:\\\/\\\/www.la-comedie-de-pezenas.com\\\/#website\"},\"primaryImageOfPage\":{\"@id\":\"https:\\\/\\\/www.la-comedie-de-pezenas.com\\\/en\\\/languedoc-land-of-taste-gastronomy-wine\\\/#primaryimage\"},\"image\":{\"@id\":\"https:\\\/\\\/www.la-comedie-de-pezenas.com\\\/en\\\/languedoc-land-of-taste-gastronomy-wine\\\/#primaryimage\"},\"thumbnailUrl\":\"https:\\\/\\\/www.la-comedie-de-pezenas.com\\\/wp-content\\\/uploads\\\/2018\\\/01\\\/beau-village-herault-pezenas-vacances.jpg\",\"datePublished\":\"2018-01-28T23:26:06+00:00\",\"dateModified\":\"2018-02-04T15:03:56+00:00\",\"breadcrumb\":{\"@id\":\"https:\\\/\\\/www.la-comedie-de-pezenas.com\\\/en\\\/languedoc-land-of-taste-gastronomy-wine\\\/#breadcrumb\"},\"inLanguage\":\"en-US\",\"potentialAction\":[{\"@type\":\"ReadAction\",\"target\":[\"https:\\\/\\\/www.la-comedie-de-pezenas.com\\\/en\\\/languedoc-land-of-taste-gastronomy-wine\\\/\"]}]},{\"@type\":\"ImageObject\",\"inLanguage\":\"en-US\",\"@id\":\"https:\\\/\\\/www.la-comedie-de-pezenas.com\\\/en\\\/languedoc-land-of-taste-gastronomy-wine\\\/#primaryimage\",\"url\":\"https:\\\/\\\/www.la-comedie-de-pezenas.com\\\/wp-content\\\/uploads\\\/2018\\\/01\\\/beau-village-herault-pezenas-vacances.jpg\",\"contentUrl\":\"https:\\\/\\\/www.la-comedie-de-pezenas.com\\\/wp-content\\\/uploads\\\/2018\\\/01\\\/beau-village-herault-pezenas-vacances.jpg\",\"width\":1200,\"height\":730,\"caption\":\"village terroir vin languedoc\"},{\"@type\":\"BreadcrumbList\",\"@id\":\"https:\\\/\\\/www.la-comedie-de-pezenas.com\\\/en\\\/languedoc-land-of-taste-gastronomy-wine\\\/#breadcrumb\",\"itemListElement\":[{\"@type\":\"ListItem\",\"position\":1,\"name\":\"Accueil\",\"item\":\"https:\\\/\\\/www.la-comedie-de-pezenas.com\\\/\"},{\"@type\":\"ListItem\",\"position\":2,\"name\":\"Land of tastes\"}]},{\"@type\":\"WebSite\",\"@id\":\"https:\\\/\\\/www.la-comedie-de-pezenas.com\\\/#website\",\"url\":\"https:\\\/\\\/www.la-comedie-de-pezenas.com\\\/\",\"name\":\"La Com\u00e9die de P\u00e9zenas\",\"description\":\"Vacances et s\u00e9jour gite et appartement location \u00e0 P\u00e9zenas\",\"publisher\":{\"@id\":\"https:\\\/\\\/www.la-comedie-de-pezenas.com\\\/#organization\"},\"potentialAction\":[{\"@type\":\"SearchAction\",\"target\":{\"@type\":\"EntryPoint\",\"urlTemplate\":\"https:\\\/\\\/www.la-comedie-de-pezenas.com\\\/?s={search_term_string}\"},\"query-input\":{\"@type\":\"PropertyValueSpecification\",\"valueRequired\":true,\"valueName\":\"search_term_string\"}}],\"inLanguage\":\"en-US\"},{\"@type\":\"Organization\",\"@id\":\"https:\\\/\\\/www.la-comedie-de-pezenas.com\\\/#organization\",\"name\":\"La Com\u00e9die de P\u00e9zenas\",\"url\":\"https:\\\/\\\/www.la-comedie-de-pezenas.com\\\/\",\"logo\":{\"@type\":\"ImageObject\",\"inLanguage\":\"en-US\",\"@id\":\"https:\\\/\\\/www.la-comedie-de-pezenas.com\\\/#\\\/schema\\\/logo\\\/image\\\/\",\"url\":\"https:\\\/\\\/www.la-comedie-de-pezenas.com\\\/wp-content\\\/uploads\\\/2018\\\/01\\\/logo.jpg\",\"contentUrl\":\"https:\\\/\\\/www.la-comedie-de-pezenas.com\\\/wp-content\\\/uploads\\\/2018\\\/01\\\/logo.jpg\",\"width\":264,\"height\":240,\"caption\":\"La Com\u00e9die de P\u00e9zenas\"},\"image\":{\"@id\":\"https:\\\/\\\/www.la-comedie-de-pezenas.com\\\/#\\\/schema\\\/logo\\\/image\\\/\"},\"sameAs\":[\"https:\\\/\\\/www.facebook.com\\\/Comedie.Pezenas\"]}]}<\/script>\n<!-- \/ Yoast SEO plugin. -->","yoast_head_json":{"title":"Land of tastes | La Com\u00e9die de P\u00e9zenas","robots":{"index":"index","follow":"follow","max-snippet":"max-snippet:-1","max-image-preview":"max-image-preview:large","max-video-preview":"max-video-preview:-1"},"canonical":"https:\/\/www.la-comedie-de-pezenas.com\/en\/languedoc-land-of-taste-gastronomy-wine\/","og_locale":"en_US","og_type":"article","og_title":"Land of tastes | La Com\u00e9die de P\u00e9zenas","og_description":"In southern France,\u00a0the Languedoc vineyards\u00a0extend from the mountains of the Massif Central to the Mediterranean and offer a range of wines to sample that will delight your palate. The gastronomy of Languedoc is based on typical produce from the South of France and the Mediterranean sea. Whether they are sweet or savoury, they go well [&hellip;]","og_url":"https:\/\/www.la-comedie-de-pezenas.com\/en\/languedoc-land-of-taste-gastronomy-wine\/","og_site_name":"La Com\u00e9die de P\u00e9zenas","article_publisher":"https:\/\/www.facebook.com\/Comedie.Pezenas","article_modified_time":"2018-02-04T15:03:56+00:00","og_image":[{"width":1200,"height":730,"url":"https:\/\/www.la-comedie-de-pezenas.com\/wp-content\/uploads\/2018\/01\/beau-village-herault-pezenas-vacances.jpg","type":"image\/jpeg"}],"schema":{"@context":"https:\/\/schema.org","@graph":[{"@type":"WebPage","@id":"https:\/\/www.la-comedie-de-pezenas.com\/en\/languedoc-land-of-taste-gastronomy-wine\/","url":"https:\/\/www.la-comedie-de-pezenas.com\/en\/languedoc-land-of-taste-gastronomy-wine\/","name":"Land of tastes | La Com\u00e9die de P\u00e9zenas","isPartOf":{"@id":"https:\/\/www.la-comedie-de-pezenas.com\/#website"},"primaryImageOfPage":{"@id":"https:\/\/www.la-comedie-de-pezenas.com\/en\/languedoc-land-of-taste-gastronomy-wine\/#primaryimage"},"image":{"@id":"https:\/\/www.la-comedie-de-pezenas.com\/en\/languedoc-land-of-taste-gastronomy-wine\/#primaryimage"},"thumbnailUrl":"https:\/\/www.la-comedie-de-pezenas.com\/wp-content\/uploads\/2018\/01\/beau-village-herault-pezenas-vacances.jpg","datePublished":"2018-01-28T23:26:06+00:00","dateModified":"2018-02-04T15:03:56+00:00","breadcrumb":{"@id":"https:\/\/www.la-comedie-de-pezenas.com\/en\/languedoc-land-of-taste-gastronomy-wine\/#breadcrumb"},"inLanguage":"en-US","potentialAction":[{"@type":"ReadAction","target":["https:\/\/www.la-comedie-de-pezenas.com\/en\/languedoc-land-of-taste-gastronomy-wine\/"]}]},{"@type":"ImageObject","inLanguage":"en-US","@id":"https:\/\/www.la-comedie-de-pezenas.com\/en\/languedoc-land-of-taste-gastronomy-wine\/#primaryimage","url":"https:\/\/www.la-comedie-de-pezenas.com\/wp-content\/uploads\/2018\/01\/beau-village-herault-pezenas-vacances.jpg","contentUrl":"https:\/\/www.la-comedie-de-pezenas.com\/wp-content\/uploads\/2018\/01\/beau-village-herault-pezenas-vacances.jpg","width":1200,"height":730,"caption":"village terroir vin languedoc"},{"@type":"BreadcrumbList","@id":"https:\/\/www.la-comedie-de-pezenas.com\/en\/languedoc-land-of-taste-gastronomy-wine\/#breadcrumb","itemListElement":[{"@type":"ListItem","position":1,"name":"Accueil","item":"https:\/\/www.la-comedie-de-pezenas.com\/"},{"@type":"ListItem","position":2,"name":"Land of tastes"}]},{"@type":"WebSite","@id":"https:\/\/www.la-comedie-de-pezenas.com\/#website","url":"https:\/\/www.la-comedie-de-pezenas.com\/","name":"La Com\u00e9die de P\u00e9zenas","description":"Vacances et s\u00e9jour gite et appartement location \u00e0 P\u00e9zenas","publisher":{"@id":"https:\/\/www.la-comedie-de-pezenas.com\/#organization"},"potentialAction":[{"@type":"SearchAction","target":{"@type":"EntryPoint","urlTemplate":"https:\/\/www.la-comedie-de-pezenas.com\/?s={search_term_string}"},"query-input":{"@type":"PropertyValueSpecification","valueRequired":true,"valueName":"search_term_string"}}],"inLanguage":"en-US"},{"@type":"Organization","@id":"https:\/\/www.la-comedie-de-pezenas.com\/#organization","name":"La Com\u00e9die de P\u00e9zenas","url":"https:\/\/www.la-comedie-de-pezenas.com\/","logo":{"@type":"ImageObject","inLanguage":"en-US","@id":"https:\/\/www.la-comedie-de-pezenas.com\/#\/schema\/logo\/image\/","url":"https:\/\/www.la-comedie-de-pezenas.com\/wp-content\/uploads\/2018\/01\/logo.jpg","contentUrl":"https:\/\/www.la-comedie-de-pezenas.com\/wp-content\/uploads\/2018\/01\/logo.jpg","width":264,"height":240,"caption":"La Com\u00e9die de P\u00e9zenas"},"image":{"@id":"https:\/\/www.la-comedie-de-pezenas.com\/#\/schema\/logo\/image\/"},"sameAs":["https:\/\/www.facebook.com\/Comedie.Pezenas"]}]}},"_links":{"self":[{"href":"https:\/\/www.la-comedie-de-pezenas.com\/en\/wp-json\/wp\/v2\/pages\/1147","targetHints":{"allow":["GET"]}}],"collection":[{"href":"https:\/\/www.la-comedie-de-pezenas.com\/en\/wp-json\/wp\/v2\/pages"}],"about":[{"href":"https:\/\/www.la-comedie-de-pezenas.com\/en\/wp-json\/wp\/v2\/types\/page"}],"author":[{"embeddable":true,"href":"https:\/\/www.la-comedie-de-pezenas.com\/en\/wp-json\/wp\/v2\/users\/1"}],"replies":[{"embeddable":true,"href":"https:\/\/www.la-comedie-de-pezenas.com\/en\/wp-json\/wp\/v2\/comments?post=1147"}],"version-history":[{"count":3,"href":"https:\/\/www.la-comedie-de-pezenas.com\/en\/wp-json\/wp\/v2\/pages\/1147\/revisions"}],"predecessor-version":[{"id":1150,"href":"https:\/\/www.la-comedie-de-pezenas.com\/en\/wp-json\/wp\/v2\/pages\/1147\/revisions\/1150"}],"wp:featuredmedia":[{"embeddable":true,"href":"https:\/\/www.la-comedie-de-pezenas.com\/en\/wp-json\/wp\/v2\/media\/168"}],"wp:attachment":[{"href":"https:\/\/www.la-comedie-de-pezenas.com\/en\/wp-json\/wp\/v2\/media?parent=1147"}],"curies":[{"name":"wp","href":"https:\/\/api.w.org\/{rel}","templated":true}]}}