{"id":1119,"date":"2018-01-29T23:56:36","date_gmt":"2018-01-29T22:56:36","guid":{"rendered":"http:\/\/www.la-comedie-de-pezenas.com\/actu\/"},"modified":"2019-04-22T01:14:48","modified_gmt":"2019-04-22T00:14:48","slug":"news-info-pezenas-tourism","status":"publish","type":"page","link":"https:\/\/www.la-comedie-de-pezenas.com\/en\/news-info-pezenas-tourism\/","title":{"rendered":"News"},"content":{"rendered":"<p>[et_pb_section fb_built=&#8221;1&#8243; _builder_version=&#8221;3.22.4&#8243;][et_pb_row _builder_version=&#8221;3.22.4&#8243;][et_pb_column type=&#8221;4_4&#8243; _builder_version=&#8221;3.22.4&#8243;][et_pb_text text_font_size=&#8221;26px&#8221; text_orientation=&#8221;center&#8221; _builder_version=&#8221;3.22.4&#8243; text_font=&#8221;|600||on|||||&#8221; text_text_color=&#8221;#000000&#8243;]<\/p>\n<p>News in the Languedoc &#8211; Enjoy the real South of France<\/p>\n<p>[\/et_pb_text][et_pb_blog fullwidth=&#8221;off&#8221; _builder_version=&#8221;3.22.4&#8243; include_categories=&#8221;all&#8221;][\/et_pb_blog][\/et_pb_column][\/et_pb_row][\/et_pb_section]<\/p>\n","protected":false},"excerpt":{"rendered":"<p>News in the Languedoc &#8211; Enjoy the real South of France<\/p>\n","protected":false},"author":1,"featured_media":210,"parent":0,"menu_order":0,"comment_status":"closed","ping_status":"closed","template":"","meta":{"_et_pb_use_builder":"on","_et_pb_old_content":"Toutes l'actualit\u00e9 de P\u00e9zenas et sa r\u00e9gion pour vous donner envie de venir passer vos prochaines vacances \u00e0 P\u00e9zenas. Toute l'ann\u00e9e la ville offre de tr\u00e8s belles animations, des spectacles de th\u00e9\u00e2tre originaux, des pi\u00e8ces de Moli\u00e8re, des festivals autour de la musique lyrique, du vin, de la vigne, de la musique et chanson fran\u00e7aise avec le Printival de Boby Lapointe, le d\u00e9ballage des antiquaires...","_et_gb_content_width":"","footnotes":""},"class_list":["post-1119","page","type-page","status-publish","has-post-thumbnail","hentry"],"yoast_head":"<!-- This site is optimized with the Yoast SEO plugin v27.4 - https:\/\/yoast.com\/product\/yoast-seo-wordpress\/ -->\n<title>News | La Com\u00e9die de P\u00e9zenas<\/title>\n<meta name=\"robots\" content=\"index, follow, max-snippet:-1, max-image-preview:large, max-video-preview:-1\" \/>\n<link rel=\"canonical\" href=\"https:\/\/www.la-comedie-de-pezenas.com\/en\/news-info-pezenas-tourism\/\" \/>\n<meta property=\"og:locale\" content=\"en_US\" \/>\n<meta property=\"og:type\" content=\"article\" \/>\n<meta property=\"og:title\" content=\"News | La Com\u00e9die de P\u00e9zenas\" \/>\n<meta property=\"og:description\" content=\"News in the Languedoc - Enjoy the real South of France\" \/>\n<meta property=\"og:url\" content=\"https:\/\/www.la-comedie-de-pezenas.com\/en\/news-info-pezenas-tourism\/\" \/>\n<meta property=\"og:site_name\" content=\"La Com\u00e9die de P\u00e9zenas\" \/>\n<meta property=\"article:publisher\" content=\"https:\/\/www.facebook.com\/Comedie.Pezenas\" \/>\n<meta property=\"article:modified_time\" content=\"2019-04-22T00:14:48+00:00\" \/>\n<meta property=\"og:image\" content=\"https:\/\/www.la-comedie-de-pezenas.com\/wp-content\/uploads\/2018\/01\/bandeau-200-pezenas.jpg\" \/>\n\t<meta property=\"og:image:width\" content=\"1260\" \/>\n\t<meta property=\"og:image:height\" content=\"200\" \/>\n\t<meta property=\"og:image:type\" content=\"image\/jpeg\" \/>\n<script type=\"application\/ld+json\" class=\"yoast-schema-graph\">{\"@context\":\"https:\\\/\\\/schema.org\",\"@graph\":[{\"@type\":\"WebPage\",\"@id\":\"https:\\\/\\\/www.la-comedie-de-pezenas.com\\\/en\\\/news-info-pezenas-tourism\\\/\",\"url\":\"https:\\\/\\\/www.la-comedie-de-pezenas.com\\\/en\\\/news-info-pezenas-tourism\\\/\",\"name\":\"News | La Com\u00e9die de P\u00e9zenas\",\"isPartOf\":{\"@id\":\"https:\\\/\\\/www.la-comedie-de-pezenas.com\\\/#website\"},\"primaryImageOfPage\":{\"@id\":\"https:\\\/\\\/www.la-comedie-de-pezenas.com\\\/en\\\/news-info-pezenas-tourism\\\/#primaryimage\"},\"image\":{\"@id\":\"https:\\\/\\\/www.la-comedie-de-pezenas.com\\\/en\\\/news-info-pezenas-tourism\\\/#primaryimage\"},\"thumbnailUrl\":\"https:\\\/\\\/www.la-comedie-de-pezenas.com\\\/wp-content\\\/uploads\\\/2018\\\/01\\\/bandeau-200-pezenas.jpg\",\"datePublished\":\"2018-01-29T22:56:36+00:00\",\"dateModified\":\"2019-04-22T00:14:48+00:00\",\"breadcrumb\":{\"@id\":\"https:\\\/\\\/www.la-comedie-de-pezenas.com\\\/en\\\/news-info-pezenas-tourism\\\/#breadcrumb\"},\"inLanguage\":\"en-US\",\"potentialAction\":[{\"@type\":\"ReadAction\",\"target\":[\"https:\\\/\\\/www.la-comedie-de-pezenas.com\\\/en\\\/news-info-pezenas-tourism\\\/\"]}]},{\"@type\":\"ImageObject\",\"inLanguage\":\"en-US\",\"@id\":\"https:\\\/\\\/www.la-comedie-de-pezenas.com\\\/en\\\/news-info-pezenas-tourism\\\/#primaryimage\",\"url\":\"https:\\\/\\\/www.la-comedie-de-pezenas.com\\\/wp-content\\\/uploads\\\/2018\\\/01\\\/bandeau-200-pezenas.jpg\",\"contentUrl\":\"https:\\\/\\\/www.la-comedie-de-pezenas.com\\\/wp-content\\\/uploads\\\/2018\\\/01\\\/bandeau-200-pezenas.jpg\",\"width\":1260,\"height\":200},{\"@type\":\"BreadcrumbList\",\"@id\":\"https:\\\/\\\/www.la-comedie-de-pezenas.com\\\/en\\\/news-info-pezenas-tourism\\\/#breadcrumb\",\"itemListElement\":[{\"@type\":\"ListItem\",\"position\":1,\"name\":\"Accueil\",\"item\":\"https:\\\/\\\/www.la-comedie-de-pezenas.com\\\/\"},{\"@type\":\"ListItem\",\"position\":2,\"name\":\"News\"}]},{\"@type\":\"WebSite\",\"@id\":\"https:\\\/\\\/www.la-comedie-de-pezenas.com\\\/#website\",\"url\":\"https:\\\/\\\/www.la-comedie-de-pezenas.com\\\/\",\"name\":\"La Com\u00e9die de P\u00e9zenas\",\"description\":\"Vacances et s\u00e9jour gite et appartement location \u00e0 P\u00e9zenas\",\"publisher\":{\"@id\":\"https:\\\/\\\/www.la-comedie-de-pezenas.com\\\/#organization\"},\"potentialAction\":[{\"@type\":\"SearchAction\",\"target\":{\"@type\":\"EntryPoint\",\"urlTemplate\":\"https:\\\/\\\/www.la-comedie-de-pezenas.com\\\/?s={search_term_string}\"},\"query-input\":{\"@type\":\"PropertyValueSpecification\",\"valueRequired\":true,\"valueName\":\"search_term_string\"}}],\"inLanguage\":\"en-US\"},{\"@type\":\"Organization\",\"@id\":\"https:\\\/\\\/www.la-comedie-de-pezenas.com\\\/#organization\",\"name\":\"La Com\u00e9die de P\u00e9zenas\",\"url\":\"https:\\\/\\\/www.la-comedie-de-pezenas.com\\\/\",\"logo\":{\"@type\":\"ImageObject\",\"inLanguage\":\"en-US\",\"@id\":\"https:\\\/\\\/www.la-comedie-de-pezenas.com\\\/#\\\/schema\\\/logo\\\/image\\\/\",\"url\":\"https:\\\/\\\/www.la-comedie-de-pezenas.com\\\/wp-content\\\/uploads\\\/2018\\\/01\\\/logo.jpg\",\"contentUrl\":\"https:\\\/\\\/www.la-comedie-de-pezenas.com\\\/wp-content\\\/uploads\\\/2018\\\/01\\\/logo.jpg\",\"width\":264,\"height\":240,\"caption\":\"La Com\u00e9die de P\u00e9zenas\"},\"image\":{\"@id\":\"https:\\\/\\\/www.la-comedie-de-pezenas.com\\\/#\\\/schema\\\/logo\\\/image\\\/\"},\"sameAs\":[\"https:\\\/\\\/www.facebook.com\\\/Comedie.Pezenas\"]}]}<\/script>\n<!-- \/ Yoast SEO plugin. -->","yoast_head_json":{"title":"News | La Com\u00e9die de P\u00e9zenas","robots":{"index":"index","follow":"follow","max-snippet":"max-snippet:-1","max-image-preview":"max-image-preview:large","max-video-preview":"max-video-preview:-1"},"canonical":"https:\/\/www.la-comedie-de-pezenas.com\/en\/news-info-pezenas-tourism\/","og_locale":"en_US","og_type":"article","og_title":"News | La Com\u00e9die de P\u00e9zenas","og_description":"News in the Languedoc - Enjoy the real South of France","og_url":"https:\/\/www.la-comedie-de-pezenas.com\/en\/news-info-pezenas-tourism\/","og_site_name":"La Com\u00e9die de P\u00e9zenas","article_publisher":"https:\/\/www.facebook.com\/Comedie.Pezenas","article_modified_time":"2019-04-22T00:14:48+00:00","og_image":[{"width":1260,"height":200,"url":"https:\/\/www.la-comedie-de-pezenas.com\/wp-content\/uploads\/2018\/01\/bandeau-200-pezenas.jpg","type":"image\/jpeg"}],"schema":{"@context":"https:\/\/schema.org","@graph":[{"@type":"WebPage","@id":"https:\/\/www.la-comedie-de-pezenas.com\/en\/news-info-pezenas-tourism\/","url":"https:\/\/www.la-comedie-de-pezenas.com\/en\/news-info-pezenas-tourism\/","name":"News | La Com\u00e9die de P\u00e9zenas","isPartOf":{"@id":"https:\/\/www.la-comedie-de-pezenas.com\/#website"},"primaryImageOfPage":{"@id":"https:\/\/www.la-comedie-de-pezenas.com\/en\/news-info-pezenas-tourism\/#primaryimage"},"image":{"@id":"https:\/\/www.la-comedie-de-pezenas.com\/en\/news-info-pezenas-tourism\/#primaryimage"},"thumbnailUrl":"https:\/\/www.la-comedie-de-pezenas.com\/wp-content\/uploads\/2018\/01\/bandeau-200-pezenas.jpg","datePublished":"2018-01-29T22:56:36+00:00","dateModified":"2019-04-22T00:14:48+00:00","breadcrumb":{"@id":"https:\/\/www.la-comedie-de-pezenas.com\/en\/news-info-pezenas-tourism\/#breadcrumb"},"inLanguage":"en-US","potentialAction":[{"@type":"ReadAction","target":["https:\/\/www.la-comedie-de-pezenas.com\/en\/news-info-pezenas-tourism\/"]}]},{"@type":"ImageObject","inLanguage":"en-US","@id":"https:\/\/www.la-comedie-de-pezenas.com\/en\/news-info-pezenas-tourism\/#primaryimage","url":"https:\/\/www.la-comedie-de-pezenas.com\/wp-content\/uploads\/2018\/01\/bandeau-200-pezenas.jpg","contentUrl":"https:\/\/www.la-comedie-de-pezenas.com\/wp-content\/uploads\/2018\/01\/bandeau-200-pezenas.jpg","width":1260,"height":200},{"@type":"BreadcrumbList","@id":"https:\/\/www.la-comedie-de-pezenas.com\/en\/news-info-pezenas-tourism\/#breadcrumb","itemListElement":[{"@type":"ListItem","position":1,"name":"Accueil","item":"https:\/\/www.la-comedie-de-pezenas.com\/"},{"@type":"ListItem","position":2,"name":"News"}]},{"@type":"WebSite","@id":"https:\/\/www.la-comedie-de-pezenas.com\/#website","url":"https:\/\/www.la-comedie-de-pezenas.com\/","name":"La Com\u00e9die de P\u00e9zenas","description":"Vacances et s\u00e9jour gite et appartement location \u00e0 P\u00e9zenas","publisher":{"@id":"https:\/\/www.la-comedie-de-pezenas.com\/#organization"},"potentialAction":[{"@type":"SearchAction","target":{"@type":"EntryPoint","urlTemplate":"https:\/\/www.la-comedie-de-pezenas.com\/?s={search_term_string}"},"query-input":{"@type":"PropertyValueSpecification","valueRequired":true,"valueName":"search_term_string"}}],"inLanguage":"en-US"},{"@type":"Organization","@id":"https:\/\/www.la-comedie-de-pezenas.com\/#organization","name":"La Com\u00e9die de P\u00e9zenas","url":"https:\/\/www.la-comedie-de-pezenas.com\/","logo":{"@type":"ImageObject","inLanguage":"en-US","@id":"https:\/\/www.la-comedie-de-pezenas.com\/#\/schema\/logo\/image\/","url":"https:\/\/www.la-comedie-de-pezenas.com\/wp-content\/uploads\/2018\/01\/logo.jpg","contentUrl":"https:\/\/www.la-comedie-de-pezenas.com\/wp-content\/uploads\/2018\/01\/logo.jpg","width":264,"height":240,"caption":"La Com\u00e9die de P\u00e9zenas"},"image":{"@id":"https:\/\/www.la-comedie-de-pezenas.com\/#\/schema\/logo\/image\/"},"sameAs":["https:\/\/www.facebook.com\/Comedie.Pezenas"]}]}},"_links":{"self":[{"href":"https:\/\/www.la-comedie-de-pezenas.com\/en\/wp-json\/wp\/v2\/pages\/1119","targetHints":{"allow":["GET"]}}],"collection":[{"href":"https:\/\/www.la-comedie-de-pezenas.com\/en\/wp-json\/wp\/v2\/pages"}],"about":[{"href":"https:\/\/www.la-comedie-de-pezenas.com\/en\/wp-json\/wp\/v2\/types\/page"}],"author":[{"embeddable":true,"href":"https:\/\/www.la-comedie-de-pezenas.com\/en\/wp-json\/wp\/v2\/users\/1"}],"replies":[{"embeddable":true,"href":"https:\/\/www.la-comedie-de-pezenas.com\/en\/wp-json\/wp\/v2\/comments?post=1119"}],"version-history":[{"count":2,"href":"https:\/\/www.la-comedie-de-pezenas.com\/en\/wp-json\/wp\/v2\/pages\/1119\/revisions"}],"predecessor-version":[{"id":1569,"href":"https:\/\/www.la-comedie-de-pezenas.com\/en\/wp-json\/wp\/v2\/pages\/1119\/revisions\/1569"}],"wp:featuredmedia":[{"embeddable":true,"href":"https:\/\/www.la-comedie-de-pezenas.com\/en\/wp-json\/wp\/v2\/media\/210"}],"wp:attachment":[{"href":"https:\/\/www.la-comedie-de-pezenas.com\/en\/wp-json\/wp\/v2\/media?parent=1119"}],"curies":[{"name":"wp","href":"https:\/\/api.w.org\/{rel}","templated":true}]}}